{"id":84,"date":"2020-03-30T14:51:32","date_gmt":"2020-03-30T12:51:32","guid":{"rendered":"http:\/\/neu.bengel-haus.de\/?page_id=84"},"modified":"2020-12-15T14:49:45","modified_gmt":"2020-12-15T13:49:45","slug":"impressum","status":"publish","type":"page","link":"http:\/\/bengel-haus.de\/index.php\/impressum\/","title":{"rendered":"Impressum"},"content":{"rendered":"\n\t<section class=\"section has-mask mask-angled-right-large\" id=\"section_127754445\">\n\t\t<div class=\"bg section-bg fill bg-fill  \" >\n\n\t\t\t\n\t\t\t<div class=\"section-bg-overlay absolute fill\"><\/div>\n\t\t\t\n\n\t\t<\/div><!-- .section-bg -->\n\n\t\t<div class=\"section-content relative\">\n\t\t\t\n\n<div class=\"row\"  id=\"row-2127459402\">\n\n<div class=\"col small-12 large-12\"  ><div class=\"col-inner text-center dark\"  >\n\n<div class=\"gap-element clearfix\" style=\"display:block; height:auto; padding-top:12%\"><\/div>\n\n<h2><span style=\"font-size: 300%;\">IMPRESSUM<\/span><\/h2>\n\n<\/div><\/div>\n\n<\/div>\n\n\t\t<\/div><!-- .section-content -->\n\n\t\t\n<style scope=\"scope\">\n\n#section_127754445 {\n  padding-top: 9%;\n  padding-bottom: 9%;\n}\n#section_127754445 .section-bg-overlay {\n  background-color: rgba(0, 0, 0, 0.22);\n}\n#section_127754445 .section-bg.bg-loaded {\n  background-image: url(http:\/\/bengel-haus.de\/wp-content\/uploads\/2020\/05\/header-2.jpg);\n}\n#section_127754445 .section-bg {\n  background-position: 0% 100%;\n}\n<\/style>\n\t<\/section>\n\t\n<div class=\"row\"  id=\"row-2046809746\">\n\n<div class=\"col small-12 large-12\"  ><div class=\"col-inner\"  >\n\n<div class=\"gap-element clearfix\" style=\"display:block; height:auto; padding-top:5%\"><\/div>\n\n<p><strong>Herausgeber und Inhaber<\/strong><\/p>\n<div class=\"mw-inner-scrolling-fixed mw-hairline-bottom\">\n<div class=\"mw-ui-component mw-component mw-place-name\"><span style=\"font-size: 95%;\">Bengel Zimmerei, Holz- und Bautenschutz GmbH<\/span>\n<p><span style=\"font-size: 95%;\">Reinhard Bengel<\/span><br><span style=\"font-size: 95%;\"><span style=\"color: #333333;\">Hafenstra\u00dfe 10<br><\/span><span style=\"color: #333333;\">38442 Wolfsburg<br><\/span><span style=\"color: #333333;\">Deutschland<br><\/span><span style=\"color: #333333;\">Tel: <\/span><span class=\"zgWrF\" style=\"color: #333333;\">05362 61224<\/span><\/span><\/p>\n<\/div>\n<\/div>\n<p><span style=\"font-size: 100%;\"><strong>Steuernummer<\/strong><\/span><\/p>\n<p>19\/202\/13330<\/p>\n<p><strong>Umsatzsteuer-Identifikationsnummer<\/strong><\/p>\n<p>DE181259838<\/p>\n<p><strong>Copyright<\/strong><\/p>\n<p>Sammlung von einzelnen Beitr\u00e4gen sind urheberrechtlich gesch\u00fctzt. Alle Rechte, auch die der fotomechanischen Wiedergabe, der Vervielf\u00e4ltigung und der Verbreitung mittels besonderer Verfahren (zum Beispiel Datenverarbeitung, Datentr\u00e4ger und Datennetze), auch teilweise, beh\u00e4lt sich die Bengel Zimmerei, Holz- und Bautenschutz GmbH vor.<\/p>\n<p><strong>Datenschutz<\/strong><\/p>\n<p>Sofern innerhalb des Internetangebotes die M\u00f6glichkeit der Eingabe von pers\u00f6nlichen Daten (E-Mail-Adresse, Namen, Anschriften) besteht, erfolgt diese freiwillig. Der Nutzer erkl\u00e4rt mit der Angabe die Einwilligung zur Erhebung. Die Bengel Zimmerei, Holz- und Bautenschutz GmbH erkl\u00e4rt ausdr\u00fccklich, diese Daten nicht an Dritte weiterzugeben.<\/p>\n<p><strong>Erkl\u00e4rung<\/strong><\/p>\n<p>Trotz regelm\u00e4\u00dfiger sorgf\u00e4ltiger Kontrolle \u00fcbernehmen wir keinerlei Verantwortung f\u00fcr die Inhalte der von uns verlinkten Seiten.<\/p>\n\n<\/div><\/div>\n\n<\/div>\n\n\n\n<p><\/p>\n","protected":false},"excerpt":{"rendered":"","protected":false},"author":1,"featured_media":0,"parent":0,"menu_order":0,"comment_status":"closed","ping_status":"closed","template":"page-blank.php","meta":[],"_links":{"self":[{"href":"http:\/\/bengel-haus.de\/index.php\/wp-json\/wp\/v2\/pages\/84"}],"collection":[{"href":"http:\/\/bengel-haus.de\/index.php\/wp-json\/wp\/v2\/pages"}],"about":[{"href":"http:\/\/bengel-haus.de\/index.php\/wp-json\/wp\/v2\/types\/page"}],"author":[{"embeddable":true,"href":"http:\/\/bengel-haus.de\/index.php\/wp-json\/wp\/v2\/users\/1"}],"replies":[{"embeddable":true,"href":"http:\/\/bengel-haus.de\/index.php\/wp-json\/wp\/v2\/comments?post=84"}],"version-history":[{"count":14,"href":"http:\/\/bengel-haus.de\/index.php\/wp-json\/wp\/v2\/pages\/84\/revisions"}],"predecessor-version":[{"id":3734,"href":"http:\/\/bengel-haus.de\/index.php\/wp-json\/wp\/v2\/pages\/84\/revisions\/3734"}],"wp:attachment":[{"href":"http:\/\/bengel-haus.de\/index.php\/wp-json\/wp\/v2\/media?parent=84"}],"curies":[{"name":"wp","href":"https:\/\/api.w.org\/{rel}","templated":true}]}}