{"id":142,"date":"2020-05-20T09:07:20","date_gmt":"2020-05-20T07:07:20","guid":{"rendered":"http:\/\/neu.bengel-haus.de\/?page_id=142"},"modified":"2020-12-15T14:47:21","modified_gmt":"2020-12-15T13:47:21","slug":"datenschutz","status":"publish","type":"page","link":"http:\/\/bengel-haus.de\/index.php\/datenschutz\/","title":{"rendered":"Datenschutz"},"content":{"rendered":"\n\t<section class=\"section has-mask mask-angled-right-large\" id=\"section_1088141494\">\n\t\t<div class=\"bg section-bg fill bg-fill  \" >\n\n\t\t\t\n\t\t\t<div class=\"section-bg-overlay absolute fill\"><\/div>\n\t\t\t\n\n\t\t<\/div><!-- .section-bg -->\n\n\t\t<div class=\"section-content relative\">\n\t\t\t\n\n<div class=\"row\"  id=\"row-332732506\">\n\n<div class=\"col small-12 large-12\"  ><div class=\"col-inner text-center dark\"  >\n\n<div class=\"gap-element clearfix\" style=\"display:block; height:auto; padding-top:12%\"><\/div>\n\n<h2><span style=\"font-size: 300%;\">DATENSCHUTZ<\/span><\/h2>\n\n<\/div><\/div>\n\n<\/div>\n\n\t\t<\/div><!-- .section-content -->\n\n\t\t\n<style scope=\"scope\">\n\n#section_1088141494 {\n  padding-top: 9%;\n  padding-bottom: 9%;\n}\n#section_1088141494 .section-bg-overlay {\n  background-color: rgba(0, 0, 0, 0.22);\n}\n#section_1088141494 .section-bg.bg-loaded {\n  background-image: url(http:\/\/bengel-haus.de\/wp-content\/uploads\/2020\/05\/header-2.jpg);\n}\n#section_1088141494 .section-bg {\n  background-position: 0% 100%;\n}\n<\/style>\n\t<\/section>\n\t\n<div class=\"row\"  id=\"row-1383631160\">\n\n<div class=\"col small-12 large-12\"  ><div class=\"col-inner\"  >\n\n<div class=\"gap-element clearfix\" style=\"display:block; height:auto; padding-top:5%\"><\/div>\n\n<div class=\"mw-inner-scrolling-fixed mw-hairline-bottom\">\n<div class=\"mw-ui-component mw-component mw-place-name\">\n<p><strong style=\"font-size: 14.4px;\">DATENSCHUTZ<\/strong><\/p>\n<\/div>\n<\/div>\n<p>Wir freuen uns \u00fcber Ihren Besuch auf unserer Webseite sowie \u00fcber Ihr Interesse an unseren Leistungen. Damit Sie sich beim Besuch unserer Webseite sicher und wohlf\u00fchlen, nehmen wir den Schutz Ihrer pers\u00f6nlichen Daten und deren vertrauliche Behandlung sehr ernst. Der Schutz Ihrer Privatsph\u00e4re bei der Verarbeitung pers\u00f6nlicher Daten ist f\u00fcr uns ein wichtiges Anliegen.<\/p>\n<p><strong>ANONYME DATENERHEBUNG<\/strong><\/p>\n<p>Sie k\u00f6nnen unsere Website grunds\u00e4tzlich besuchen, ohne uns mitzuteilen, wer Sie sind. Wir erfahren nur den Namen Ihres Internet Service Providers, die Webseite, von der aus Sie uns besuchen, und die Webseiten, die Sie bei uns besuchen. Diese Informationen k\u00f6nnen zu statistischen Zwecken ausgewertet werden. Sie bleiben als einzelner Nutzer hierbei anonym.<\/p>\n<p><strong>NUTZUNG UND WEITERGABE PERSONENBEZOGENER DATEN<\/strong><\/p>\n<p>Nutzung: Es findet keine Weitergabe Ihrer Daten an sonstige Dritte statt. Ihre jeweilige Einwilligung k\u00f6nnen Sie selbstverst\u00e4ndlich jederzeit mit Wirkung f\u00fcr die Zukunft widerrufen.<\/p>\n<p><strong>PERSONENBEZOGENER DATEN SOWIE DIE ERHEBUNG UND VERARBEITUNG DER DATEN<\/strong><\/p>\n<p>Personenbezogene Daten werden nur erhoben, wenn Sie uns diese von sich aus, zum Beispiel beim Ausf\u00fcllen unseres Kontaktformulars oder bei Bewerbungsverfahren mitteilen. Nat\u00fcrlich werden diese Daten vertraulich behandelt und nur zu dem urspr\u00fcnglichen Anlass und Zweck der \u00dcbermittlung verwendet. Grunds\u00e4tzlich werden die Daten nicht an Dritte \u00fcbermittelt. Es sei denn, dies ist gesetzlich vorgeschrieben, Sie haben uns Ihr Einverst\u00e4ndnis erteilt oder eine beh\u00f6rdliche Anordnung liegt hierzu vor.<\/p>\n<p>Sollten Sie mit uns per E-Mail in Kontakt treten werden die E-Mails und die damit zusammenh\u00e4ngenden Daten bei uns im Mailsystem gespeichert. Rechtsgrundlage hierf\u00fcr ist entweder Art. 6, Abs. 1 lit.a,b oder c DS-GVO. Die E-Mails selbst werden nicht verschl\u00fcsselt.<\/p>\n<p><strong>DATENSCHUTZ BEI BEWERBUNGEN<\/strong><\/p>\n<p>Im Falle einer Bewerbung verarbeiten wir die an uns \u00fcbermittelten Daten zum Zweck des Bewerbungsprozesses. Rechtsgrundlage hierf\u00fcr ist Art. 6, Abs. 1 lit. a.<\/p>\n<p>Empf\u00e4nger der Daten sind ausschlie\u00dflich die mit dem Bewerbungsprozess bei uns befassten Personen. Bei Ablehnung Ihrer Bewerbung betr\u00e4gt die Speicherdauer 6 Monate \u00fcber den Abschluss des Bewerbungsverfahrens hinaus. Diese Speicherdauer resultiert aus der m\u00f6glichen Geltendmachung von Anspr\u00fcchen nach dem AGG.<\/p>\n<p>Wir k\u00f6nnen mit Ihrer Zustimmung auch eine andere Frist vereinbaren. Rechtsgrundlage daf\u00fcr ist Art. 6, Abs. 1 lit. a DS-GVO.<\/p>\n<p><strong>KONTAKTM\u00d6GLICHKEIT<\/strong><\/p>\n<p>Wir bieten Ihnen auf unserer Seite die M\u00f6glichkeit, mit uns per E-Mail und\/oder \u00fcber ein Kontaktformular in Verbindung zu treten. In diesem Fall werden die vom Nutzer gemachten Angaben zum Zwecke der Bearbeitung seiner Kontaktaufnahme gespeichert. Eine Weitergabe an Dritte erfolgt nicht. Ein Abgleich der so erhobenen Daten mit Daten, die m\u00f6glicherweise durch andere Komponenten unserer Seite erhoben werden, erfolgt ebenfalls nicht.<\/p>\n<p><strong>ERHEBUNG, VERARBEITUNG UND NUTZUNG<\/strong><\/p>\n<p>Die \u00dcbermittlung von personenbezogenen Daten an auskunftsberechtigte staatliche Institutionen und Beh\u00f6rden erfolgt nur im Rahmen der einschl\u00e4gigen Gesetze bzw. sofern wir durch eine gerichtliche Entscheidung dazu verpflichtet werden.<\/p>\n<p><strong>SPEICHERUNG VON DATEN<\/strong><\/p>\n<p>Ihre Rechte auf Auskunft, Berichtigung, Sperre, L\u00f6schung und Widerspruch sind Ihnen gew\u00e4hrleistet. Sie haben das Recht, auf Antrag unentgeltlich eine Auskunft, \u00fcber die bei uns gespeicherten personenbezogenen Daten, anzufordern und\/oder eine Berichtigung, Sperrung oder L\u00f6schung zu verlangen. Ausnahmen: Es handelt sich um die vorgeschriebene Datenspeicherung zur Gesch\u00e4ftsabwicklung oder die Daten unterliegen der gesetzlichen Aufbewahrungspflicht.<\/p>\n<p>Um eine Datensperre jederzeit ber\u00fccksichtigen zu k\u00f6nnen, ist es erforderlich, die Daten f\u00fcr Kontrollzwecke in einer Sperrdatei vorzuhalten. Besteht keine gesetzliche Archivierungspflicht, k\u00f6nnen Sie auch die L\u00f6schung der Daten verlangen. Anderenfalls sperren wir die Daten, sofern Sie dies w\u00fcnschen.<\/p>\n<p><strong>COOKIES<\/strong><\/p>\n<p>Diese Webseite verwendet sogenannte Cookies. Das sind Textdateien, die vom Server aus auf Ihrem Rechner gespeichert werden. Sie enthalten Informationen zum Browser, zur IP-Adresse, dem Betriebssystem und zur Internetverbindung. Diese Daten werden von uns nicht an Dritte weitergegeben oder ohne ihre Zustimmung mit personenbezogenen Daten verkn\u00fcpft.<\/p>\n<p>Cookies erf\u00fcllen vor allem zwei Aufgaben. Sie helfen uns, Ihnen die Navigation durch unser Angebot zu erleichtern, und erm\u00f6glichen die korrekte Darstellung der Webseite. Sie werden nicht dazu genutzt, Viren einzuschleusen oder Programme zu starten.<\/p>\n<p>Nutzer haben die M\u00f6glichkeit, unser Angebot auch ohne Cookies aufzurufen. Dazu m\u00fcssen im Browser die entsprechenden Einstellungen ge\u00e4ndert werden. Informieren Sie sich bitte \u00fcber die Hilfsfunktion Ihres Browsers, wie Cookies deaktiviert werden. Wir weisen allerdings darauf hin, dass dadurch einige Funktionen dieser Webseite m\u00f6glicherweise beeintr\u00e4chtigt werden und der Nutzungskomfort eingeschr\u00e4nkt wird. Die Seiten http:\/\/www.aboutads.info\/choices\/ (USA) und http:\/\/www.youronlinechoices.com\/uk\/your-ad-choices\/ (Europa) erlauben es Ihnen, Online-Anzeigen-Cookies zu verwalten.<\/p>\n<p><strong>ZUM SCHLUSS<\/strong><\/p>\n<p>Wir behalten uns das Recht vor, unsere Datenschutzerkl\u00e4rung, nat\u00fcrlich unter Beachtung der jeweils geltenden Datenschutzgesetze, jederzeit anzupassen.<\/p>\n<p>Stand: Mai 2018<\/p>\n<p><strong>ABRUFBARKEIT DER DATENSCHUTZBESTIMMUNGEN<\/strong><\/p>\n<p>Diese Datenschutzbestimmungen k\u00f6nnen von jeder Seite dieser Webseite \u00fcber den Button \u201eDatenschutz\u201c abgerufen und ausgedruckt werden. Wenn Sie weitere Fragen zum Thema \u201eDatenschutz\u201c haben, k\u00f6nnen Sie Ausk\u00fcnfte zu Ihren Daten und gerne auch Anregungen jederzeit per E-Mail oder Brief an folgende Adresse senden:<\/p>\n<p><span style=\"font-size: 95%;\">Bengel Zimmerei, Holz- und Bautenschutz GmbH<\/span><\/p>\n<p><span style=\"font-size: 95%;\">Reinhard Bengel<\/span><br><span style=\"font-size: 95%;\"><span style=\"color: #333333;\">Hafenstra\u00dfe 10<br><\/span><span style=\"color: #333333;\">38442 Wolfsburg<br><\/span><span style=\"color: #333333;\">Deutschland<br>info@bengel-haus.de<br><\/span><span style=\"color: #333333;\">Tel: <\/span><span class=\"zgWrF\" style=\"color: #333333;\">05362 61224<\/span><\/span><\/p>\n\n<\/div><\/div>\n\n<\/div>\n\n\n\n<p><\/p>\n","protected":false},"excerpt":{"rendered":"","protected":false},"author":1,"featured_media":0,"parent":0,"menu_order":0,"comment_status":"closed","ping_status":"closed","template":"page-blank.php","meta":[],"_links":{"self":[{"href":"http:\/\/bengel-haus.de\/index.php\/wp-json\/wp\/v2\/pages\/142"}],"collection":[{"href":"http:\/\/bengel-haus.de\/index.php\/wp-json\/wp\/v2\/pages"}],"about":[{"href":"http:\/\/bengel-haus.de\/index.php\/wp-json\/wp\/v2\/types\/page"}],"author":[{"embeddable":true,"href":"http:\/\/bengel-haus.de\/index.php\/wp-json\/wp\/v2\/users\/1"}],"replies":[{"embeddable":true,"href":"http:\/\/bengel-haus.de\/index.php\/wp-json\/wp\/v2\/comments?post=142"}],"version-history":[{"count":10,"href":"http:\/\/bengel-haus.de\/index.php\/wp-json\/wp\/v2\/pages\/142\/revisions"}],"predecessor-version":[{"id":3732,"href":"http:\/\/bengel-haus.de\/index.php\/wp-json\/wp\/v2\/pages\/142\/revisions\/3732"}],"wp:attachment":[{"href":"http:\/\/bengel-haus.de\/index.php\/wp-json\/wp\/v2\/media?parent=142"}],"curies":[{"name":"wp","href":"https:\/\/api.w.org\/{rel}","templated":true}]}}